{"id":2186,"date":"2025-11-13T03:18:20","date_gmt":"2025-11-13T02:18:20","guid":{"rendered":"https:\/\/mgprimsolutions.com\/?page_id=2186"},"modified":"2025-11-28T01:33:36","modified_gmt":"2025-11-28T00:33:36","slug":"politica-de-cookies","status":"publish","type":"page","link":"https:\/\/mgprimsolutions.com\/en\/politica-de-cookies\/","title":{"rendered":"Cookie Policy"},"content":{"rendered":"<div data-elementor-type=\"wp-page\" data-elementor-id=\"2186\" class=\"elementor elementor-2186\" data-elementor-post-type=\"page\">\n\t\t\t\t<div class=\"elementor-element elementor-element-3cb39b3 e-flex e-con-boxed e-con e-parent\" data-id=\"3cb39b3\" data-element_type=\"container\" data-settings=\"{&quot;background_background&quot;:&quot;classic&quot;}\">\n\t\t\t\t\t<div class=\"e-con-inner\">\n\t\t\t\t\t<\/div>\n\t\t\t\t<\/div>\n\t\t<div class=\"elementor-element elementor-element-f174499 e-flex e-con-boxed e-con e-parent\" data-id=\"f174499\" data-element_type=\"container\">\n\t\t\t\t\t<div class=\"e-con-inner\">\n\t\t\t\t<div class=\"elementor-element elementor-element-b9f3590 elementor-widget elementor-widget-text-editor\" data-id=\"b9f3590\" data-element_type=\"widget\" data-widget_type=\"text-editor.default\">\n\t\t\t\t\t\t\t\t\t<p><strong>Last<\/strong> <strong>update:<\/strong> November 8, 2025<\/p><h6>1. What are cookies?<\/h6><p>Cookies are small files that are stored on your device (computer, tablet or mobile) when you visit a website.<\/p><p>Its purpose is <strong>improve<\/strong> <strong>the<\/strong> <strong>experience<\/strong> <strong>of the<\/strong> <strong>user<\/strong>to remember your preferences and collect anonymous information about site usage.<\/p><h6>2. Types of cookies we use<\/h6><p>In <strong>M&amp;G Prime Solution <\/strong>We use our own and third-party cookies for the following purposes:<\/p><ul><li><strong>Essential cookies: <\/strong>necessary for the operation of the site (forms, secure browsing, user session).<\/li><li><strong>Analytical cookies: <\/strong>They help us understand how visitors use our site, allowing us to improve its content and<\/li><li><strong>Cookies<\/strong> <strong>of<\/strong> <strong>personalization:<\/strong> They save your preferences (such as language or region).<\/li><li><strong>Advertising cookies: <\/strong>occasionally used to display relevant ads or remarketing campaigns.<\/li><\/ul><h6>3. Cookie Management and Deletion<\/h6><p>You can accept, reject, or configure cookies from the <strong>consent banner <\/strong>that appears when entering the site.<\/p><p>You can also delete or disable cookies at any time from your browser settings:<\/p><ul><li><strong>Google<\/strong> <strong>Chrome:<\/strong> [Configuraci\u00f3n \u2192 Privacidad y seguridad \u2192 Cookies y otros datos de sitios]<\/li><li><strong>Safari:<\/strong> [Preferencias \u2192 Privacidad \u2192 Administrar datos de sitios web]<\/li><li><strong>Firefox:<\/strong> [Opciones \u2192 Privacidad y seguridad \u2192 Cookies y datos del sitio] La desactivaci\u00f3n de cookies puede limitar algunas funciones del sitio.<\/li><\/ul><h6>4. Third-party cookies<\/h6><p>We may allow the use of third-party cookies such as:<\/p><ul><li>Google Analytics (for site statistics and performance).<\/li><li>Facebook Pixel or Meta Ads (for advertising campaigns and conversion measurement).<\/li><li>WhatsApp API or Chat Plugins (for direct interaction with customers).<\/li><\/ul><p>These third parties have their own privacy policies, which you can access from their official websites.<\/p><h6>5. Changes to the Cookie Policy<\/h6><p><strong>M&amp;G Prime Solution <\/strong>This policy may be modified at any time.<\/p><p>Updates will be posted on this page with the corresponding revision date.<\/p><p>We recommend checking it periodically to stay informed.<\/p><h6>6. Contact<\/h6><p>For any questions regarding the use of cookies, please contact us at:<\/p><p><strong>Email:<\/strong>\u00a0yhomerm@mgprimsolutions.com<br \/><strong>WhatsApp:\u00a0<\/strong>+1 (786) 471 0995<br \/><strong>Place<\/strong>\u00a0<strong>web:<\/strong>\u00a0https:\/\/<a href=\"http:\/\/www.mgprimesolution.com\/\">www.mgprimesolution.com<\/a><\/p>\t\t\t\t\t\t\t\t<\/div>\n\t\t\t\t\t<\/div>\n\t\t\t\t<\/div>\n\t\t\t\t<\/div>","protected":false},"excerpt":{"rendered":"<p>\u00daltima actualizaci\u00f3n: 08 de noviembre 2025 1.\u00a0 \u00bfQu\u00e9 son las cookies? Las cookies son peque\u00f1os archivos que se almacenan en su dispositivo (ordenador, tableta o m\u00f3vil) cuando visita un sitio web. Su finalidad es mejorar la experiencia del usuario, recordar sus preferencias y recopilar informaci\u00f3n an\u00f3nima sobre el uso del sitio. 2. Tipos de cookies [&hellip;]<\/p>","protected":false},"author":1,"featured_media":0,"parent":0,"menu_order":0,"comment_status":"closed","ping_status":"closed","template":"","meta":{"site-sidebar-layout":"no-sidebar","site-content-layout":"page-builder","ast-site-content-layout":"full-width-container","site-content-style":"default","site-sidebar-style":"default","ast-global-header-display":"","ast-banner-title-visibility":"disabled","ast-main-header-display":"","ast-hfb-above-header-display":"","ast-hfb-below-header-display":"","ast-hfb-mobile-header-display":"","site-post-title":"disabled","ast-breadcrumbs-content":"","ast-featured-img":"disabled","footer-sml-layout":"","theme-transparent-header-meta":"enabled","adv-header-id-meta":"","stick-header-meta":"","header-above-stick-meta":"","header-main-stick-meta":"","header-below-stick-meta":"","astra-migrate-meta-layouts":"set","ast-page-background-enabled":"default","ast-page-background-meta":{"desktop":{"background-color":"var(--ast-global-color-4)","background-image":"","background-repeat":"repeat","background-position":"center center","background-size":"auto","background-attachment":"scroll","background-type":"","background-media":"","overlay-type":"","overlay-color":"","overlay-opacity":"","overlay-gradient":""},"tablet":{"background-color":"","background-image":"","background-repeat":"repeat","background-position":"center center","background-size":"auto","background-attachment":"scroll","background-type":"","background-media":"","overlay-type":"","overlay-color":"","overlay-opacity":"","overlay-gradient":""},"mobile":{"background-color":"","background-image":"","background-repeat":"repeat","background-position":"center center","background-size":"auto","background-attachment":"scroll","background-type":"","background-media":"","overlay-type":"","overlay-color":"","overlay-opacity":"","overlay-gradient":""}},"ast-content-background-meta":{"desktop":{"background-color":"var(--ast-global-color-5)","background-image":"","background-repeat":"repeat","background-position":"center center","background-size":"auto","background-attachment":"scroll","background-type":"","background-media":"","overlay-type":"","overlay-color":"","overlay-opacity":"","overlay-gradient":""},"tablet":{"background-color":"var(--ast-global-color-5)","background-image":"","background-repeat":"repeat","background-position":"center center","background-size":"auto","background-attachment":"scroll","background-type":"","background-media":"","overlay-type":"","overlay-color":"","overlay-opacity":"","overlay-gradient":""},"mobile":{"background-color":"var(--ast-global-color-5)","background-image":"","background-repeat":"repeat","background-position":"center center","background-size":"auto","background-attachment":"scroll","background-type":"","background-media":"","overlay-type":"","overlay-color":"","overlay-opacity":"","overlay-gradient":""}},"footnotes":""},"class_list":["post-2186","page","type-page","status-publish","hentry"],"_hostinger_reach_plugin_has_subscription_block":false,"_hostinger_reach_plugin_is_elementor":false,"_links":{"self":[{"href":"https:\/\/mgprimsolutions.com\/en\/wp-json\/wp\/v2\/pages\/2186","targetHints":{"allow":["GET"]}}],"collection":[{"href":"https:\/\/mgprimsolutions.com\/en\/wp-json\/wp\/v2\/pages"}],"about":[{"href":"https:\/\/mgprimsolutions.com\/en\/wp-json\/wp\/v2\/types\/page"}],"author":[{"embeddable":true,"href":"https:\/\/mgprimsolutions.com\/en\/wp-json\/wp\/v2\/users\/1"}],"replies":[{"embeddable":true,"href":"https:\/\/mgprimsolutions.com\/en\/wp-json\/wp\/v2\/comments?post=2186"}],"version-history":[{"count":10,"href":"https:\/\/mgprimsolutions.com\/en\/wp-json\/wp\/v2\/pages\/2186\/revisions"}],"predecessor-version":[{"id":2651,"href":"https:\/\/mgprimsolutions.com\/en\/wp-json\/wp\/v2\/pages\/2186\/revisions\/2651"}],"wp:attachment":[{"href":"https:\/\/mgprimsolutions.com\/en\/wp-json\/wp\/v2\/media?parent=2186"}],"curies":[{"name":"wp","href":"https:\/\/api.w.org\/{rel}","templated":true}]}}